{"id":13757,"date":"2021-12-07T09:11:06","date_gmt":"2021-12-07T08:11:06","guid":{"rendered":"https:\/\/www.aegis.at\/wordpress\/?post_type=product&#038;p=13757"},"modified":"2022-04-22T11:03:45","modified_gmt":"2022-04-22T10:03:45","slug":"die-komplette-selbermachen-serie-in-farbe","status":"publish","type":"product","link":"https:\/\/www.aegis.at\/wordpress\/shop\/buecher\/die-komplette-selbermachen-serie-in-farbe\/","title":{"rendered":"Die Komplette SelberMachen Serie in Farbe"},"content":{"rendered":"<div class=\"name2\" style=\"text-align: justify;\">Jetzt erh\u00e4ltlich: Die SelberMachen-Serie von Hannelore Zech \u201eWas unsere Omas noch<br \/>\nalles selber machen konnten\u201c \u2013 in drei B\u00e4nden!<\/div>\n<div style=\"text-align: justify;\"><\/div>\n<div style=\"text-align: justify;\">\n<p><strong><u>Themenheft<\/u><\/strong> <strong><u>SelberMachen Band 1:<\/u><\/strong><\/p>\n<p><img decoding=\"async\" class=\"alignnone size-medium wp-image-13760\" src=\"https:\/\/www.aegis.at\/wordpress\/wp-content\/uploads\/7092631637348911267-212x300.jpg\" alt=\"\" width=\"212\" height=\"300\" srcset=\"https:\/\/www.aegis.at\/wordpress\/wp-content\/uploads\/7092631637348911267-200x283.jpg 200w, https:\/\/www.aegis.at\/wordpress\/wp-content\/uploads\/7092631637348911267-212x300.jpg 212w, https:\/\/www.aegis.at\/wordpress\/wp-content\/uploads\/7092631637348911267-400x565.jpg 400w, https:\/\/www.aegis.at\/wordpress\/wp-content\/uploads\/7092631637348911267.jpg 595w\" sizes=\"(max-width: 212px) 100vw, 212px\" \/><\/p>\n<p><u>Selbst herstellen<\/u>: \u2022 Salben f\u00fcr spr\u00f6de Lippen, gereizte Haut, Zerrungen, blaue Flecken, Wundbehandlung &#8230; \u2022 R\u00e4ucherwerk zum Entspannen, Beleben, &#8230; \u2022 Hustensaft, Hausmittel bei Erk\u00e4ltung, Schnupfen, Heiserkeit &#8230; \u2022 Most, Apfelessig, Kr\u00e4uteressig, Himbeeressig, Kr\u00e4uter\u00f6le. \u2022 Duftende Naturseifen, praktische Kernseife, Schmierseife, Fl\u00fcssigseife, Waschmittel, Sp\u00fclmittel, Haushaltsreiniger (Boden, Fenster, Bad, WC u.a.). \u2022 Zahnpflege, Zahnpasta und Mundwasser. \u2022 Hautpflege, Gesichtsw\u00e4sser, Deodorant, Gesichtsmasken. \u2022 Hausmittel bei Narben, Falten, Sonnenbrand, Muskelkater, Leberfleck, Schwei\u00dff\u00fc\u00dfe, Mundgeruch, Dorn im Finger. \u2022 Shampoo, Haarwasser, Kuren, Haarfestiger, nat\u00fcrliches F\u00e4rben.<\/p>\n<p><u>Nutzen, was die Natur uns schenkt<\/u>: Eicheln, Waln\u00fcsse, Maronen, Wild\u00e4pfel, Quitten, Hagebutten, Schlehen, Wildgem\u00fcse \u2013 f\u00fcr Brot, Pralinen, Pl\u00e4tzchen, Marmelade, Chutneys, Suppen, Kaffee-Ersatz, Gelee, Mus, Sirup, Most, Hagebuttenwein, Schlehenlik\u00f6r oder \u201efalsche Oliven\u201c, Salat, Kr\u00e4uter-Dips, Frischkornbrei, D\u00f6rrobst, Apfelstrudel. <u>Au\u00dferdem<\/u>: Einwecken, Einkochen, D\u00f6rren, aufbewahren, haltbar machen. Viele super-leckere Rezepte, \u00fcber 50 Anwendungen des Allzweckmittels Natron sowie zahllose hilfreiche Tipps f\u00fcr Haushalt und Gesundheit.<\/p>\n<\/div>\n<p style=\"text-align: justify;\"><strong><u>hemenheft<\/u><\/strong> <strong><u>SelberMachen,<\/u><\/strong> <strong><u>Band 2:<\/u><\/strong><\/p>\n<p><img decoding=\"async\" class=\"alignnone size-medium wp-image-13762\" src=\"https:\/\/www.aegis.at\/wordpress\/wp-content\/uploads\/7182631637611300808-212x300.jpg\" alt=\"\" width=\"212\" height=\"300\" srcset=\"https:\/\/www.aegis.at\/wordpress\/wp-content\/uploads\/7182631637611300808-200x283.jpg 200w, https:\/\/www.aegis.at\/wordpress\/wp-content\/uploads\/7182631637611300808-212x300.jpg 212w, https:\/\/www.aegis.at\/wordpress\/wp-content\/uploads\/7182631637611300808-400x565.jpg 400w, https:\/\/www.aegis.at\/wordpress\/wp-content\/uploads\/7182631637611300808.jpg 595w\" sizes=\"(max-width: 212px) 100vw, 212px\" \/><\/p>\n<p style=\"text-align: justify;\">Bl\u00fcten und Kr\u00e4utersirup, Holunderbl\u00fcten, Minze, L\u00f6wenzahn &amp; \u2022 Erfrischendes f\u00fcr hei\u00dfe Tage. \u2022 Gesundes Brot selber backen. \u2022 Brotgew\u00fcrze. \u2022 Hefe selber herstellen, Sauerteig ansetzen. \u2022 Selbstgemachte Dinkelsemmeln. \u2022 Wunderbrote. \u2022 Das einfachste Brotrezept der Welt: mehlfrei, glutenfrei, ohne Hefe und Sauerteig. \u2022 Fr\u00fcchtebrot selbst gemacht. \u2022 Gew\u00fcrze selbst angebaut auf Fensterbank, Balkon, Terrasse, im Garten \u2013 oder direkt aus der heimischen Natur. \u2022 Salben und Tinkturen: Anleitung und Rezepte. \u2022 Die Brennessel als Lebensmittel, als D\u00fcnger, als Faser und F\u00e4rbe- pflanze. \u2022 Die Zwiebel: Volksheilkundliches und Rezepte. \u2022 Kleidung und Wohnaccessoires. \u2022 Flicken und N\u00e4hen. \u2022 F\u00e4rben mit Naturfarben. \u2022 Wolle, Fasern und Garne: kleine \u2022 Stricken, Filzen, Spinnen, H\u00e4keln, Weben, Sticken &#8230;<\/p>\n<p style=\"text-align: justify;\"><strong><u>Themenheft SelberMachen, Band 3<\/u><\/strong><\/p>\n<p><img decoding=\"async\" class=\"alignnone size-medium wp-image-13758\" src=\"https:\/\/www.aegis.at\/wordpress\/wp-content\/uploads\/6072631636661966638-212x300.jpg\" alt=\"\" width=\"212\" height=\"300\" srcset=\"https:\/\/www.aegis.at\/wordpress\/wp-content\/uploads\/6072631636661966638-200x283.jpg 200w, https:\/\/www.aegis.at\/wordpress\/wp-content\/uploads\/6072631636661966638-212x300.jpg 212w, https:\/\/www.aegis.at\/wordpress\/wp-content\/uploads\/6072631636661966638-400x565.jpg 400w, https:\/\/www.aegis.at\/wordpress\/wp-content\/uploads\/6072631636661966638.jpg 596w\" sizes=\"(max-width: 212px) 100vw, 212px\" \/><\/p>\n<p style=\"text-align: justify;\">Wildkr\u00e4uter und ihre Wirkung auf den Menschen Pilze in eigener Kultur z\u00fcchten Nutztierhaltung im Hausgarten Vorratshaltung: Milsauer einlegen, einkochen, ein- legen, entsaften, d\u00f6rren, einsalzen, fermentieren. \u2022 K\u00fcrbisse, Tomaten, Bohnen, Kartoffeln, S\u00fc\u00dfkartoffeln, Topinambur \u2013 jeweils: urspr\u00fcngliche Sorten, Aussaat, Anbau, Verarbeitung, Haltbarmachung, Rezepte. \u2022 S\u00fc\u00dfe S\u00fcnden, Mehlspeisen und traditionelle Bauerngerichte: Spatzen, Topfnudeln, Krapfen, Aufl\u00e4ufe, Ofenschlupfer, Dampf- nudeln, Schupfnudeln, Buchteln, Kaiserschmarrn, Strudel, Omeletts &amp; Co. \u2022 Brotaufstriche selbst gemacht \u2022 Unser Saatgut \u2013 unser gr\u00f6\u00dfter Schatz! \u2022 Regionale Saaten er- halten \u2022 Unser Boden \u2013 das unverstandene Wesen: Bodenverbesserung, Kompost, Regenwurmhumus und Erhalt der Schwarzerde. \u2022 Und wie immer: 100 nat\u00fcrliche, gesunde und super-leckere Rezepte!<\/p>\n","protected":false},"excerpt":{"rendered":"<p>Jetzt erh\u00e4ltlich: Die SelberMachen-Serie von Hannelore Zech \u201eWas unsere Omas noch alles selber machen konnten\u201c \u2013 in drei B\u00e4nden! Themenheft SelberMachen Band 1: Selbst herstellen: \u2022 Salben f\u00fcr spr\u00f6de Lippen, gereizte Haut, Zerrungen, blaue Flecken, Wundbehandlung &#8230; \u2022 R\u00e4ucherwerk zum Entspannen, Beleben, &#8230; \u2022 Hustensaft, Hausmittel bei Erk\u00e4ltung, Schnupfen, Heiserkeit &#8230; \u2022 Most, Apfelessig, Kr\u00e4uteressig, Himbeeressig, Kr\u00e4uter\u00f6le. \u2022 Duftende Naturseifen, praktische Kernseife, Schmierseife, Fl\u00fcssigseife, Waschmittel, Sp\u00fclmittel, Haushaltsreiniger (Boden, Fenster, Bad, WC u.a.). \u2022 Zahnpflege, Zahnpasta und Mundwasser. \u2022 Hautpflege, Gesichtsw\u00e4sser, Deodorant, Gesichtsmasken. \u2022 Hausmittel bei Narben, Falten, Sonnenbrand, Muskelkater, Leberfleck, Schwei\u00dff\u00fc\u00dfe, Mundgeruch, Dorn im Finger. \u2022 Shampoo, Haarwasser, Kuren, Haarfestiger, nat\u00fcrliches F\u00e4rben. Nutzen, was die Natur uns schenkt: Eicheln, Waln\u00fcsse, Maronen, Wild\u00e4pfel, Quitten, Hagebutten, Schlehen, Wildgem\u00fcse \u2013 f\u00fcr Brot, Pralinen, Pl\u00e4tzchen, Marmelade, Chutneys, Suppen, Kaffee-Ersatz, Gelee, Mus, Sirup, Most, Hagebuttenwein, Schlehenlik\u00f6r oder \u201efalsche Oliven\u201c, Salat, Kr\u00e4uter-Dips, Frischkornbrei, D\u00f6rrobst, Apfelstrudel. Au\u00dferdem: Einwecken, Einkochen, D\u00f6rren, aufbewahren, haltbar machen. Viele super-leckere Rezepte, \u00fcber 50 Anwendungen des Allzweckmittels Natron sowie zahllose hilfreiche Tipps f\u00fcr Haushalt und Gesundheit. hemenheft SelberMachen, Band 2: Bl\u00fcten und Kr\u00e4utersirup, Holunderbl\u00fcten, Minze, L\u00f6wenzahn &amp; \u2022 Erfrischendes f\u00fcr hei\u00dfe Tage. \u2022 Gesundes Brot selber backen. \u2022 Brotgew\u00fcrze. \u2022 Hefe selber herstellen, Sauerteig ansetzen. \u2022 Selbstgemachte Dinkelsemmeln. \u2022 Wunderbrote. \u2022 Das einfachste Brotrezept der Welt: mehlfrei, glutenfrei, ohne Hefe und Sauerteig. \u2022 Fr\u00fcchtebrot selbst gemacht. \u2022 Gew\u00fcrze selbst angebaut auf Fensterbank, Balkon, Terrasse, im Garten \u2013 oder direkt aus der heimischen Natur. \u2022 Salben und Tinkturen: Anleitung und Rezepte. \u2022 Die Brennessel als Lebensmittel, als D\u00fcnger, als Faser und F\u00e4rbe- pflanze. \u2022 Die Zwiebel: Volksheilkundliches und Rezepte. \u2022 Kleidung und Wohnaccessoires. \u2022 Flicken und N\u00e4hen. \u2022 F\u00e4rben mit Naturfarben. \u2022 Wolle, Fasern und Garne: kleine \u2022 Stricken, Filzen, Spinnen, H\u00e4keln, Weben, Sticken &#8230; Themenheft SelberMachen, Band 3<\/p>\n","protected":false},"featured_media":13765,"template":"","meta":[],"product_brand":[],"product_cat":[44],"product_tag":[],"class_list":{"0":"post-13757","1":"product","2":"type-product","3":"status-publish","4":"has-post-thumbnail","6":"product_cat-buecher","8":"first","9":"instock","10":"sale","11":"featured","12":"shipping-taxable","13":"purchasable","14":"product-type-simple"},"_links":{"self":[{"href":"https:\/\/www.aegis.at\/wordpress\/wp-json\/wp\/v2\/product\/13757","targetHints":{"allow":["GET"]}}],"collection":[{"href":"https:\/\/www.aegis.at\/wordpress\/wp-json\/wp\/v2\/product"}],"about":[{"href":"https:\/\/www.aegis.at\/wordpress\/wp-json\/wp\/v2\/types\/product"}],"wp:featuredmedia":[{"embeddable":true,"href":"https:\/\/www.aegis.at\/wordpress\/wp-json\/wp\/v2\/media\/13765"}],"wp:attachment":[{"href":"https:\/\/www.aegis.at\/wordpress\/wp-json\/wp\/v2\/media?parent=13757"}],"wp:term":[{"taxonomy":"product_brand","embeddable":true,"href":"https:\/\/www.aegis.at\/wordpress\/wp-json\/wp\/v2\/product_brand?post=13757"},{"taxonomy":"product_cat","embeddable":true,"href":"https:\/\/www.aegis.at\/wordpress\/wp-json\/wp\/v2\/product_cat?post=13757"},{"taxonomy":"product_tag","embeddable":true,"href":"https:\/\/www.aegis.at\/wordpress\/wp-json\/wp\/v2\/product_tag?post=13757"}],"curies":[{"name":"wp","href":"https:\/\/api.w.org\/{rel}","templated":true}]}}