{"id":14300,"date":"2024-11-13T16:50:39","date_gmt":"2024-11-13T15:50:39","guid":{"rendered":"https:\/\/www.aegis.at\/wordpress\/?post_type=product&#038;p=14300"},"modified":"2024-11-13T16:53:50","modified_gmt":"2024-11-13T15:53:50","slug":"impfen-aus-ganzheitlicher-sicht-2","status":"publish","type":"product","link":"https:\/\/www.aegis.at\/wordpress\/shop\/buecher\/impfen-aus-ganzheitlicher-sicht-2\/","title":{"rendered":"Impfen aus ganzheitlicher Sicht"},"content":{"rendered":"<div>\n<div class=\"propertyName\">Autor\/in:<\/div>\n<div class=\"propertyValue\"><span class=\"notranslate articleData_author\">Oskar Demmer und Co-Autorin Mag. Claudia Millwisch<\/span><\/div>\n<\/div>\n<div><\/div>\n<div class=\"headline\"><strong>Kurzbeschreibung des Verlags<\/strong><\/div>\n<p class=\"description-text\">Impfungen sind nicht wirkungslos. Sie haben Wirkungen, nur nicht die, die wir uns w\u00fcnschen. Sachverst\u00e4ndige und Virologen stellen fest: `Der Begriff Virus ist im Fluss` und daher nicht genau definiert. Vieles, was wir als gesichert in Bezug auf Gesundheit und Krankheit annehmen, muss neu \u00fcberpr\u00fcft werden. Anhand des Themas Impfen gilt es, altes Wissen neu zu \u00fcberdenken und wieder zu einer ganzheitlichen Medizin im Dienste des Menschen zur\u00fcckzukehren. Dieses Buch soll Sie nicht vom Impfen abhalten. Es soll mehr eine Sammlung von Studien und Arbeiten sein, die einen kritischen Blick auf das Impfthema richten. Die endg\u00fcltige Entscheidung gegen oder f\u00fcr Impfen liegt bei Ihnen, lieber Leser.<\/p>\n","protected":false},"excerpt":{"rendered":"<div class=\"label\">\n<div class=\"heading\" data-scroll-anchor=\"product\">\n<h2>Details<\/h2>\n<\/div>\n<div id=\"r425507-0-432664:296461\" class=\"text\">\n<div id=\"r425163-0-425508:432664:296461\" class=\"biblioKeyValuePairs bibliographies\">\n<div class=\"biblioId\"><span class=\"key\">ISBN\/EAN<\/span><span class=\"value\">978-3-99107-051-1<\/span><\/div>\n<div class=\"biblioBinding\"><\/div>\n<div id=\"r425217-0-425508:432664:296461\" class=\"biblioPublisher\">\n<p><span class=\"key\">Verlag<\/span><\/p>\n<div>\n<div><span class=\"value\"><a title=\"Weitere Artikel dieses Verlags anzeigen\" href=\"https:\/\/www.morawa.at\/suchergebnis?CSPCHD=01l000000000DSq9hz9Q7g3RvM6hrTZva0HYnSWDjODwGKSJPV&amp;bpmquery=V%3A%22novum%20pro%22\">novum pro<\/a><\/span><\/div>\n<div><\/div>\n<\/div>\n<\/div>\n<div class=\"biblioPublishingDate\"><span class=\"key\">Erscheinungsdatum<\/span><span class=\"value\">02.02.2021<\/span><\/div>\n<div class=\"biblioPages\"><span class=\"value\">242 Seiten<\/span><\/div>\n<\/div>\n<\/div>\n<\/div>\n","protected":false},"featured_media":14301,"template":"","meta":[],"product_brand":[],"product_cat":[44],"product_tag":[],"class_list":{"0":"post-14300","1":"product","2":"type-product","3":"status-publish","4":"has-post-thumbnail","6":"product_cat-buecher","7":"product_shipping_class-buecher","9":"first","10":"instock","11":"featured","12":"shipping-taxable","13":"purchasable","14":"product-type-simple"},"_links":{"self":[{"href":"https:\/\/www.aegis.at\/wordpress\/wp-json\/wp\/v2\/product\/14300","targetHints":{"allow":["GET"]}}],"collection":[{"href":"https:\/\/www.aegis.at\/wordpress\/wp-json\/wp\/v2\/product"}],"about":[{"href":"https:\/\/www.aegis.at\/wordpress\/wp-json\/wp\/v2\/types\/product"}],"wp:featuredmedia":[{"embeddable":true,"href":"https:\/\/www.aegis.at\/wordpress\/wp-json\/wp\/v2\/media\/14301"}],"wp:attachment":[{"href":"https:\/\/www.aegis.at\/wordpress\/wp-json\/wp\/v2\/media?parent=14300"}],"wp:term":[{"taxonomy":"product_brand","embeddable":true,"href":"https:\/\/www.aegis.at\/wordpress\/wp-json\/wp\/v2\/product_brand?post=14300"},{"taxonomy":"product_cat","embeddable":true,"href":"https:\/\/www.aegis.at\/wordpress\/wp-json\/wp\/v2\/product_cat?post=14300"},{"taxonomy":"product_tag","embeddable":true,"href":"https:\/\/www.aegis.at\/wordpress\/wp-json\/wp\/v2\/product_tag?post=14300"}],"curies":[{"name":"wp","href":"https:\/\/api.w.org\/{rel}","templated":true}]}}