{"id":14371,"date":"2025-05-08T13:19:11","date_gmt":"2025-05-08T12:19:11","guid":{"rendered":"https:\/\/www.aegis.at\/wordpress\/?post_type=product&#038;p=14371"},"modified":"2025-05-08T13:23:22","modified_gmt":"2025-05-08T12:23:22","slug":"impuls-37-38-q12-25-doppelnummer","status":"publish","type":"product","link":"https:\/\/www.aegis.at\/wordpress\/shop\/aegis-impuls\/impuls-37-38-q12-25-doppelnummer\/","title":{"rendered":"Impuls 37\/38 Q1+2\/25 DOPPELNUMMER"},"content":{"rendered":"<p><strong>Inhaltverzeichnis<\/strong><\/p>\n<ul>\n<li>Editorial<\/li>\n<li>Teufelswerk<\/li>\n<li>Wie lange schaut die \u00c4rzteschaft noch weg?<\/li>\n<li>Wie Impferfolge vorget\u00e4uscht werden<\/li>\n<li>Toxic Shot<\/li>\n<li>COVID als globale Milit\u00e4roperation<\/li>\n<li>\u201eTodes-Chargen&#8220;: PEI ver\u00f6ffentlicht heimlich Daten<\/li>\n<li>mRNA-\u201eImpfstoffe&#8220; t\u00f6dlicher als COVID<\/li>\n<li>COVID-\u201eImpfstoffe&#8220; als Basis f\u00fcr mRNA-Krebs- \u201eImpfstoffe&#8216;<\/li>\n<li>Gentechnische Ver\u00e4nderung der Psyche Die private Wissenschaft der Virologen<\/li>\n<li>Das L\u00fcgenkonstrukt der Viren als Krankheitsursache<\/li>\n<li>COVID-Booster weckt t\u00f6dliches Virus<\/li>\n<li>Dr. Wolfgang Wodarg &#8211; Laborursprung ist Unsinn<\/li>\n<li>Vergiftung der Kinder &#8211; Big Pharma nennt es Impfung<\/li>\n<li>Aluminium-Impfstoff-Adjuvanzien und Autismus<\/li>\n<li>Hohe Sterberate bei geimpften Neugeborenen<\/li>\n<li>Neue Ursache f\u00fcr kindliche Schlaganf\u00e4lle entdeck<\/li>\n<li>Schlechte Zeiten f\u00fcr Aufkl\u00e4rer<\/li>\n<li>Verzichten, gehorchen, nachbeten<\/li>\n<li>Warum mRNA-Impfstoffe giftig sind<\/li>\n<li>Fragliches Abw\u00fcrgen durch das Bundesgericht<\/li>\n<li>2,3 Millionen chronisch Kranke in der Schweiz<\/li>\n<li>Helen Mirren \u00fcber Kommunikation<\/li>\n<li>Mikroplastikbelastung bei Wildschweinen<\/li>\n<li>Medienmisstrauen und Glaube<\/li>\n<li>Verr\u00fcckte Zeiten<\/li>\n<li>Minderheiten und ihre Rechte in der Demokratie<\/li>\n<li>Lachen, die beste und billigste Medizin &#8211; Teil 3<\/li>\n<\/ul>\n","protected":false},"excerpt":{"rendered":"<p>Inhaltverzeichnis Editorial Teufelswerk Wie lange schaut die \u00c4rzteschaft noch weg? Wie Impferfolge vorget\u00e4uscht werden Toxic Shot COVID als globale Milit\u00e4roperation \u201eTodes-Chargen&#8220;: PEI ver\u00f6ffentlicht heimlich Daten mRNA-\u201eImpfstoffe&#8220; t\u00f6dlicher als COVID COVID-\u201eImpfstoffe&#8220; als Basis f\u00fcr mRNA-Krebs- \u201eImpfstoffe&#8216; Gentechnische Ver\u00e4nderung der Psyche Die private Wissenschaft der Virologen Das L\u00fcgenkonstrukt der Viren als Krankheitsursache COVID-Booster weckt t\u00f6dliches Virus Dr. Wolfgang Wodarg &#8211; Laborursprung ist Unsinn Vergiftung der Kinder &#8211; Big Pharma nennt es Impfung Aluminium-Impfstoff-Adjuvanzien und Autismus Hohe Sterberate bei geimpften Neugeborenen Neue Ursache f\u00fcr kindliche Schlaganf\u00e4lle entdeck Schlechte Zeiten f\u00fcr Aufkl\u00e4rer Verzichten, gehorchen, nachbeten Warum mRNA-Impfstoffe giftig sind Fragliches Abw\u00fcrgen durch das Bundesgericht 2,3 Millionen chronisch Kranke in der Schweiz Helen Mirren \u00fcber Kommunikation Mikroplastikbelastung bei Wildschweinen Medienmisstrauen und Glaube Verr\u00fcckte Zeiten Minderheiten und ihre Rechte in der Demokratie Lachen, die beste und billigste Medizin &#8211; Teil 3<\/p>\n","protected":false},"featured_media":14372,"template":"","meta":[],"product_brand":[],"product_cat":[46],"product_tag":[],"class_list":{"0":"post-14371","1":"product","2":"type-product","3":"status-publish","4":"has-post-thumbnail","6":"product_cat-aegis-impuls","7":"product_shipping_class-heft","9":"first","10":"instock","11":"featured","12":"shipping-taxable","13":"purchasable","14":"product-type-simple"},"_links":{"self":[{"href":"https:\/\/www.aegis.at\/wordpress\/wp-json\/wp\/v2\/product\/14371","targetHints":{"allow":["GET"]}}],"collection":[{"href":"https:\/\/www.aegis.at\/wordpress\/wp-json\/wp\/v2\/product"}],"about":[{"href":"https:\/\/www.aegis.at\/wordpress\/wp-json\/wp\/v2\/types\/product"}],"wp:featuredmedia":[{"embeddable":true,"href":"https:\/\/www.aegis.at\/wordpress\/wp-json\/wp\/v2\/media\/14372"}],"wp:attachment":[{"href":"https:\/\/www.aegis.at\/wordpress\/wp-json\/wp\/v2\/media?parent=14371"}],"wp:term":[{"taxonomy":"product_brand","embeddable":true,"href":"https:\/\/www.aegis.at\/wordpress\/wp-json\/wp\/v2\/product_brand?post=14371"},{"taxonomy":"product_cat","embeddable":true,"href":"https:\/\/www.aegis.at\/wordpress\/wp-json\/wp\/v2\/product_cat?post=14371"},{"taxonomy":"product_tag","embeddable":true,"href":"https:\/\/www.aegis.at\/wordpress\/wp-json\/wp\/v2\/product_tag?post=14371"}],"curies":[{"name":"wp","href":"https:\/\/api.w.org\/{rel}","templated":true}]}}