{"id":8544,"date":"2016-03-07T14:13:57","date_gmt":"2016-03-07T13:13:57","guid":{"rendered":"http:\/\/www.aegis.at\/wordpress\/?post_type=product&#038;p=8544"},"modified":"2023-06-14T07:25:23","modified_gmt":"2023-06-14T06:25:23","slug":"jahresabo-aegis-impuls","status":"publish","type":"product","link":"https:\/\/www.aegis.at\/wordpress\/shop\/abonomment\/jahresabo-aegis-impuls\/","title":{"rendered":"Jahresabo Impuls"},"content":{"rendered":"<p style=\"text-align: justify;\">Sie kaufen hier ein Abo f\u00fcr IMPULS welches viertelj\u00e4hrlich erscheinen wird. Das Abo ist f\u00fcr ein Jahr g\u00fcltig.<\/p>\n<p style=\"text-align: justify;\">Das Porto ist in diesem Preis bereits inkludiert.<\/p>\n<p style=\"text-align: justify;\">\n","protected":false},"excerpt":{"rendered":"<p>Sie kaufen hier ein Abo f\u00fcr IMPULS welches viertelj\u00e4hrlich erscheinen wird. Das Abo ist f\u00fcr ein Jahr g\u00fcltig. Das Porto ist in diesem Preis bereits inkludiert.<\/p>\n","protected":false},"featured_media":8884,"template":"","meta":[],"product_brand":[],"product_cat":[60],"product_tag":[],"class_list":{"0":"post-8544","1":"product","2":"type-product","3":"status-publish","4":"has-post-thumbnail","6":"product_cat-abonomment","7":"product_shipping_class-abonomment","9":"first","10":"instock","11":"featured","12":"virtual","13":"sold-individually","14":"purchasable","15":"product-type-simple"},"_links":{"self":[{"href":"https:\/\/www.aegis.at\/wordpress\/wp-json\/wp\/v2\/product\/8544","targetHints":{"allow":["GET"]}}],"collection":[{"href":"https:\/\/www.aegis.at\/wordpress\/wp-json\/wp\/v2\/product"}],"about":[{"href":"https:\/\/www.aegis.at\/wordpress\/wp-json\/wp\/v2\/types\/product"}],"wp:featuredmedia":[{"embeddable":true,"href":"https:\/\/www.aegis.at\/wordpress\/wp-json\/wp\/v2\/media\/8884"}],"wp:attachment":[{"href":"https:\/\/www.aegis.at\/wordpress\/wp-json\/wp\/v2\/media?parent=8544"}],"wp:term":[{"taxonomy":"product_brand","embeddable":true,"href":"https:\/\/www.aegis.at\/wordpress\/wp-json\/wp\/v2\/product_brand?post=8544"},{"taxonomy":"product_cat","embeddable":true,"href":"https:\/\/www.aegis.at\/wordpress\/wp-json\/wp\/v2\/product_cat?post=8544"},{"taxonomy":"product_tag","embeddable":true,"href":"https:\/\/www.aegis.at\/wordpress\/wp-json\/wp\/v2\/product_tag?post=8544"}],"curies":[{"name":"wp","href":"https:\/\/api.w.org\/{rel}","templated":true}]}}