{"id":8546,"date":"2016-03-07T14:23:16","date_gmt":"2016-03-07T13:23:16","guid":{"rendered":"http:\/\/www.aegis.at\/wordpress\/?post_type=product&#038;p=8546"},"modified":"2016-09-12T13:33:02","modified_gmt":"2016-09-12T12:33:02","slug":"impuls-q12016-einzelheft","status":"publish","type":"product","link":"https:\/\/www.aegis.at\/wordpress\/shop\/aegis-impuls\/impuls-q12016-einzelheft\/","title":{"rendered":"Impuls Q1\/2016 Einzelheft"},"content":{"rendered":"<p><strong>Inhalts\u00fcbersicht:<\/strong><\/p>\n<ul>\n<li>5-Jahre Netzwerk Impfentscheid und das IMPULS<\/li>\n<li>Sind Fl\u00fcchtlinge eine Gefahr f\u00fcr unsere Gesundheit?<\/li>\n<li>Polio in Nahost<\/li>\n<li>Immunit\u00e4t was ist das<\/li>\n<li>Latenzzeit \u2013 Inkubationszeit<\/li>\n<li>Herdenimmunit\u00e4t<\/li>\n<li>Korrespondenz mit dem BAG\u00a0betreffend Herdenimmunit\u00e4t<\/li>\n<li>Was kann die Hom\u00f6opathie bei\u00a0Impfsch\u00e4den leisten?<\/li>\n<li>Ist Impfen eine ethische Pflicht?<\/li>\n<li>Baby-\/Kidsmessen \u2013 unser wichtigstes Zielpublikum<\/li>\n<li>Moringa Oleifera \u2013 Der Wunderbaum (Teil 1)<\/li>\n<li>Gesucht: Ein neues Wort anstatt SCHUTZIMPFUNG<\/li>\n<li>Autismus und Impfen<\/li>\n<li>Erste Auswertung der Umfrage zur Grippeimpfung<\/li>\n<li>Studie belegt: Nicht geimpfte\u00a0und wenig geimpfte Kinder sind ges\u00fcnder<\/li>\n<li>Schule heute und morgen<\/li>\n<li>Zertifizierte Ausbildung ImpfkreisleiterIn<\/li>\n<li>Was ist Fieber?<\/li>\n<li>Ist das Masernvirus eine wissenschaftliche\u00a0Tatsache?<\/li>\n<li>Der gegenw\u00e4rtige Stand der HPV-IMPFUNG<\/li>\n<li>Kranke Kinder, kranke Welt<\/li>\n<li>Das neue Epidemiengesetz EpG<\/li>\n<li>Alles redet vom Impfzwang \u2013 was tun?<\/li>\n<li>Der Pl\u00f6tzliche Kindstod \u2013\u00a0den Ursachen auf der Spur<\/li>\n<li>Endlich wieder ein impfkritisches Kinderbuch!<\/li>\n<li>KROATIEN<\/li>\n<li>Neuartiger Virus verbreitet Angst und Schrecken!<\/li>\n<li>Impfstoffe: Auch nach 90 Jahren\u00a0hat Gandhi noch recht<\/li>\n<li>Praktische Alltagstipps von fr\u00fcher f\u00fcr heute<\/li>\n<li>KURZ NOTIERT.<\/li>\n<\/ul>\n","protected":false},"excerpt":{"rendered":"<p>Inhalts\u00fcbersicht: 5-Jahre Netzwerk Impfentscheid und das IMPULS Sind Fl\u00fcchtlinge eine Gefahr f\u00fcr unsere Gesundheit? Polio in Nahost Immunit\u00e4t was ist das Latenzzeit \u2013 Inkubationszeit Herdenimmunit\u00e4t Korrespondenz mit dem BAG\u00a0betreffend Herdenimmunit\u00e4t Was kann die Hom\u00f6opathie bei\u00a0Impfsch\u00e4den leisten? Ist Impfen eine ethische Pflicht? Baby-\/Kidsmessen \u2013 unser wichtigstes Zielpublikum Moringa Oleifera \u2013 Der Wunderbaum (Teil 1) Gesucht: Ein neues Wort anstatt SCHUTZIMPFUNG Autismus und Impfen Erste Auswertung der Umfrage zur Grippeimpfung Studie belegt: Nicht geimpfte\u00a0und wenig geimpfte Kinder sind ges\u00fcnder Schule heute und morgen Zertifizierte Ausbildung ImpfkreisleiterIn Was ist Fieber? Ist das Masernvirus eine wissenschaftliche\u00a0Tatsache? Der gegenw\u00e4rtige Stand der HPV-IMPFUNG Kranke Kinder, kranke Welt Das neue Epidemiengesetz EpG Alles redet vom Impfzwang \u2013 was tun? Der Pl\u00f6tzliche Kindstod \u2013\u00a0den Ursachen auf der Spur Endlich wieder ein impfkritisches Kinderbuch! KROATIEN Neuartiger Virus verbreitet Angst und Schrecken! Impfstoffe: Auch nach 90 Jahren\u00a0hat Gandhi noch recht Praktische Alltagstipps von fr\u00fcher f\u00fcr heute KURZ NOTIERT.<\/p>\n","protected":false},"featured_media":8883,"template":"","meta":[],"product_brand":[],"product_cat":[46],"product_tag":[],"class_list":{"0":"post-8546","1":"product","2":"type-product","3":"status-publish","4":"has-post-thumbnail","6":"product_cat-aegis-impuls","7":"product_shipping_class-heft","9":"first","10":"instock","11":"shipping-taxable","12":"purchasable","13":"product-type-simple"},"_links":{"self":[{"href":"https:\/\/www.aegis.at\/wordpress\/wp-json\/wp\/v2\/product\/8546","targetHints":{"allow":["GET"]}}],"collection":[{"href":"https:\/\/www.aegis.at\/wordpress\/wp-json\/wp\/v2\/product"}],"about":[{"href":"https:\/\/www.aegis.at\/wordpress\/wp-json\/wp\/v2\/types\/product"}],"wp:featuredmedia":[{"embeddable":true,"href":"https:\/\/www.aegis.at\/wordpress\/wp-json\/wp\/v2\/media\/8883"}],"wp:attachment":[{"href":"https:\/\/www.aegis.at\/wordpress\/wp-json\/wp\/v2\/media?parent=8546"}],"wp:term":[{"taxonomy":"product_brand","embeddable":true,"href":"https:\/\/www.aegis.at\/wordpress\/wp-json\/wp\/v2\/product_brand?post=8546"},{"taxonomy":"product_cat","embeddable":true,"href":"https:\/\/www.aegis.at\/wordpress\/wp-json\/wp\/v2\/product_cat?post=8546"},{"taxonomy":"product_tag","embeddable":true,"href":"https:\/\/www.aegis.at\/wordpress\/wp-json\/wp\/v2\/product_tag?post=8546"}],"curies":[{"name":"wp","href":"https:\/\/api.w.org\/{rel}","templated":true}]}}