{"id":9696,"date":"2017-11-23T07:17:15","date_gmt":"2017-11-23T06:17:15","guid":{"rendered":"http:\/\/www.aegis.at\/wordpress\/?post_type=product&#038;p=9696"},"modified":"2017-11-23T07:18:51","modified_gmt":"2017-11-23T06:18:51","slug":"impuls-q4-2017-einzelheft","status":"publish","type":"product","link":"https:\/\/www.aegis.at\/wordpress\/shop\/aegis-impuls\/impuls-q4-2017-einzelheft\/","title":{"rendered":"Impuls Q4\/2017 Einzelheft"},"content":{"rendered":"<ul>\n<li><strong>Inhalts\u00fcbersicht<\/strong>\n<ul>\n<li>WHO Impfplan 2015 \u2013 2020<\/li>\n<li>Pl\u00f6tzlicher Kindstod Teil 3<\/li>\n<li>Von Furcht vergiftet<\/li>\n<li>Die Pest kehrt zur\u00fcck<\/li>\n<li>25% sind impfkritisch \u2013 Umfrage<\/li>\n<li>Grosse Impfskepsis bei Akademikern<\/li>\n<li>So war die \u201eDemo f\u00fcr freie Impfentscheidung\u201c in Berlin<\/li>\n<li>vernetztes Denken in der Medizin<\/li>\n<li>immer mehr chronisch erkrankte Kinder<\/li>\n<li>kritisches Niveau von Impfbef\u00fcrwortern<\/li>\n<li>Wie das Paradies zur H\u00f6lle wurde<\/li>\n<li>Korrelation und Kausalit\u00e4t<\/li>\n<li>Schlechte Zeiten f\u00fcr Impfkritikern<\/li>\n<li>Neuer Verein Netzwerk Impfentscheid Deutschland<\/li>\n<li>Interview Andrea Feuer und Daniel Gerlemann<\/li>\n<li>Warum das F\u00e4lschen des Impfpasses kontraproduktiv ist<\/li>\n<li>und vieles mehr<\/li>\n<\/ul>\n<\/li>\n<\/ul>\n","protected":false},"excerpt":{"rendered":"<p>Inhalts\u00fcbersicht WHO Impfplan 2015 \u2013 2020 Pl\u00f6tzlicher Kindstod Teil 3 Von Furcht vergiftet Die Pest kehrt zur\u00fcck 25% sind impfkritisch \u2013 Umfrage Grosse Impfskepsis bei Akademikern So war die \u201eDemo f\u00fcr freie Impfentscheidung\u201c in Berlin vernetztes Denken in der Medizin immer mehr chronisch erkrankte Kinder kritisches Niveau von Impfbef\u00fcrwortern Wie das Paradies zur H\u00f6lle wurde Korrelation und Kausalit\u00e4t Schlechte Zeiten f\u00fcr Impfkritikern Neuer Verein Netzwerk Impfentscheid Deutschland Interview Andrea Feuer und Daniel Gerlemann Warum das F\u00e4lschen des Impfpasses kontraproduktiv ist und vieles mehr<\/p>\n","protected":false},"featured_media":9697,"template":"","meta":[],"product_brand":[],"product_cat":[46],"product_tag":[],"class_list":{"0":"post-9696","1":"product","2":"type-product","3":"status-publish","4":"has-post-thumbnail","6":"product_cat-aegis-impuls","7":"product_shipping_class-heft","9":"first","10":"instock","11":"shipping-taxable","12":"purchasable","13":"product-type-simple"},"_links":{"self":[{"href":"https:\/\/www.aegis.at\/wordpress\/wp-json\/wp\/v2\/product\/9696","targetHints":{"allow":["GET"]}}],"collection":[{"href":"https:\/\/www.aegis.at\/wordpress\/wp-json\/wp\/v2\/product"}],"about":[{"href":"https:\/\/www.aegis.at\/wordpress\/wp-json\/wp\/v2\/types\/product"}],"wp:featuredmedia":[{"embeddable":true,"href":"https:\/\/www.aegis.at\/wordpress\/wp-json\/wp\/v2\/media\/9697"}],"wp:attachment":[{"href":"https:\/\/www.aegis.at\/wordpress\/wp-json\/wp\/v2\/media?parent=9696"}],"wp:term":[{"taxonomy":"product_brand","embeddable":true,"href":"https:\/\/www.aegis.at\/wordpress\/wp-json\/wp\/v2\/product_brand?post=9696"},{"taxonomy":"product_cat","embeddable":true,"href":"https:\/\/www.aegis.at\/wordpress\/wp-json\/wp\/v2\/product_cat?post=9696"},{"taxonomy":"product_tag","embeddable":true,"href":"https:\/\/www.aegis.at\/wordpress\/wp-json\/wp\/v2\/product_tag?post=9696"}],"curies":[{"name":"wp","href":"https:\/\/api.w.org\/{rel}","templated":true}]}}